{"id":5,"date":"2025-12-02T06:25:11","date_gmt":"2025-12-02T06:25:11","guid":{"rendered":"https:\/\/56win06.xyz\/?page_id=5"},"modified":"2025-12-02T06:25:25","modified_gmt":"2025-12-02T06:25:25","slug":"56win06-link-chuan-nha-cai-dang-ky-nhan-thuong-100","status":"publish","type":"page","link":"https:\/\/56win06.xyz\/","title":{"rendered":"56win06 \u2013 Link Chu\u1ea9n Nh\u00e0 C\u00e1i, \u0110\u0103ng K\u00fd Nh\u1eadn Th\u01b0\u1edfng 100%"},"content":{"rendered":"\n<div class=\"wp-block-buttons is-content-justification-center is-layout-flex wp-container-core-buttons-is-layout-16018d1d wp-block-buttons-is-layout-flex\">\n<div class=\"wp-block-button is-style-fill\"><a class=\"wp-block-button__link has-mercury-white-color has-mercury-alizarin-background-color has-text-color has-background has-link-color wp-element-button\" href=\"https:\/\/appvn.fun\/i9bet0208\" target=\"_blank\" rel=\"noreferrer noopener nofollow\">\u0110\u0103ng k\u00fd +150K<\/a><\/div>\n\n\n\n<div class=\"wp-block-button is-style-fill\"><a class=\"wp-block-button__link has-mercury-white-color has-mercury-alizarin-background-color has-text-color has-background has-link-color wp-element-button\" href=\"https:\/\/appvn.fun\/i9bet0208\" target=\"_blank\" rel=\"noreferrer noopener nofollow\">i9BET +150K<\/a><\/div>\n<\/div>\n\n\n\n<figure class=\"wp-block-gallery has-nested-images columns-2 is-cropped wp-block-gallery-1 is-layout-flex wp-block-gallery-is-layout-flex\">\n<figure class=\"wp-block-image size-large\"><img loading=\"lazy\" decoding=\"async\" width=\"1024\" height=\"465\" data-id=\"10\" src=\"https:\/\/56win06.xyz\/wp-content\/uploads\/2025\/12\/snapedit_1764654661249-1024x465.jpeg\" alt=\"\" class=\"wp-image-10\" srcset=\"https:\/\/56win06.xyz\/wp-content\/uploads\/2025\/12\/snapedit_1764654661249-1024x465.jpeg 1024w, https:\/\/56win06.xyz\/wp-content\/uploads\/2025\/12\/snapedit_1764654661249-300x136.jpeg 300w, https:\/\/56win06.xyz\/wp-content\/uploads\/2025\/12\/snapedit_1764654661249-768x348.jpeg 768w, https:\/\/56win06.xyz\/wp-content\/uploads\/2025\/12\/snapedit_1764654661249.jpeg 1080w\" sizes=\"auto, (max-width: 1024px) 100vw, 1024px\" \/><\/figure>\n\n\n\n<figure class=\"wp-block-image size-large\"><img loading=\"lazy\" decoding=\"async\" width=\"1024\" height=\"465\" data-id=\"8\" src=\"https:\/\/56win06.xyz\/wp-content\/uploads\/2025\/12\/snapedit_1764654661660-1024x465.jpeg\" alt=\"\" class=\"wp-image-8\" srcset=\"https:\/\/56win06.xyz\/wp-content\/uploads\/2025\/12\/snapedit_1764654661660-1024x465.jpeg 1024w, https:\/\/56win06.xyz\/wp-content\/uploads\/2025\/12\/snapedit_1764654661660-300x136.jpeg 300w, https:\/\/56win06.xyz\/wp-content\/uploads\/2025\/12\/snapedit_1764654661660-768x348.jpeg 768w, https:\/\/56win06.xyz\/wp-content\/uploads\/2025\/12\/snapedit_1764654661660.jpeg 1080w\" sizes=\"auto, (max-width: 1024px) 100vw, 1024px\" \/><\/figure>\n\n\n\n<figure class=\"wp-block-image size-large\"><img loading=\"lazy\" decoding=\"async\" width=\"1024\" height=\"465\" data-id=\"6\" src=\"https:\/\/56win06.xyz\/wp-content\/uploads\/2025\/12\/snapedit_1764654660674-1024x465.jpeg\" alt=\"\" class=\"wp-image-6\" srcset=\"https:\/\/56win06.xyz\/wp-content\/uploads\/2025\/12\/snapedit_1764654660674-1024x465.jpeg 1024w, https:\/\/56win06.xyz\/wp-content\/uploads\/2025\/12\/snapedit_1764654660674-300x136.jpeg 300w, https:\/\/56win06.xyz\/wp-content\/uploads\/2025\/12\/snapedit_1764654660674-768x348.jpeg 768w, https:\/\/56win06.xyz\/wp-content\/uploads\/2025\/12\/snapedit_1764654660674.jpeg 1080w\" sizes=\"auto, (max-width: 1024px) 100vw, 1024px\" \/><\/figure>\n\n\n\n<figure class=\"wp-block-image size-large\"><img loading=\"lazy\" decoding=\"async\" width=\"1024\" height=\"465\" data-id=\"9\" src=\"https:\/\/56win06.xyz\/wp-content\/uploads\/2025\/12\/snapedit_1764654659819-1024x465.jpeg\" alt=\"\" class=\"wp-image-9\" srcset=\"https:\/\/56win06.xyz\/wp-content\/uploads\/2025\/12\/snapedit_1764654659819-1024x465.jpeg 1024w, https:\/\/56win06.xyz\/wp-content\/uploads\/2025\/12\/snapedit_1764654659819-300x136.jpeg 300w, https:\/\/56win06.xyz\/wp-content\/uploads\/2025\/12\/snapedit_1764654659819-768x348.jpeg 768w, https:\/\/56win06.xyz\/wp-content\/uploads\/2025\/12\/snapedit_1764654659819.jpeg 1080w\" sizes=\"auto, (max-width: 1024px) 100vw, 1024px\" \/><\/figure>\n\n\n\n<figure class=\"wp-block-image size-large\"><img loading=\"lazy\" decoding=\"async\" width=\"1024\" height=\"465\" data-id=\"7\" src=\"https:\/\/56win06.xyz\/wp-content\/uploads\/2025\/12\/snapedit_1764654658793-1024x465.jpeg\" alt=\"\" class=\"wp-image-7\" srcset=\"https:\/\/56win06.xyz\/wp-content\/uploads\/2025\/12\/snapedit_1764654658793-1024x465.jpeg 1024w, https:\/\/56win06.xyz\/wp-content\/uploads\/2025\/12\/snapedit_1764654658793-300x136.jpeg 300w, https:\/\/56win06.xyz\/wp-content\/uploads\/2025\/12\/snapedit_1764654658793-768x348.jpeg 768w, https:\/\/56win06.xyz\/wp-content\/uploads\/2025\/12\/snapedit_1764654658793.jpeg 1080w\" sizes=\"auto, (max-width: 1024px) 100vw, 1024px\" \/><\/figure>\n<\/figure>\n","protected":false},"excerpt":{"rendered":"","protected":false},"author":1,"featured_media":0,"parent":0,"menu_order":0,"comment_status":"closed","ping_status":"closed","template":"page-without-title.php","meta":{"footnotes":""},"class_list":["post-5","page","type-page","status-publish","hentry"],"_links":{"self":[{"href":"https:\/\/56win06.xyz\/index.php\/wp-json\/wp\/v2\/pages\/5","targetHints":{"allow":["GET"]}}],"collection":[{"href":"https:\/\/56win06.xyz\/index.php\/wp-json\/wp\/v2\/pages"}],"about":[{"href":"https:\/\/56win06.xyz\/index.php\/wp-json\/wp\/v2\/types\/page"}],"author":[{"embeddable":true,"href":"https:\/\/56win06.xyz\/index.php\/wp-json\/wp\/v2\/users\/1"}],"replies":[{"embeddable":true,"href":"https:\/\/56win06.xyz\/index.php\/wp-json\/wp\/v2\/comments?post=5"}],"version-history":[{"count":1,"href":"https:\/\/56win06.xyz\/index.php\/wp-json\/wp\/v2\/pages\/5\/revisions"}],"predecessor-version":[{"id":11,"href":"https:\/\/56win06.xyz\/index.php\/wp-json\/wp\/v2\/pages\/5\/revisions\/11"}],"wp:attachment":[{"href":"https:\/\/56win06.xyz\/index.php\/wp-json\/wp\/v2\/media?parent=5"}],"curies":[{"name":"wp","href":"https:\/\/api.w.org\/{rel}","templated":true}]}}